{"id":1017,"date":"2025-05-08T19:11:02","date_gmt":"2025-05-09T02:11:02","guid":{"rendered":"https:\/\/mezcaliba.com\/mas-alla-de-la-botella\/"},"modified":"2025-07-17T11:31:57","modified_gmt":"2025-07-17T18:31:57","slug":"mas-alla-de-la-botella","status":"publish","type":"page","link":"https:\/\/mezcaliba.com\/es\/mas-alla-de-la-botella\/","title":{"rendered":"M\u00c1S ALL\u00c1 DE LA BOTELLA"},"content":{"rendered":"<div class=\"wpb-content-wrapper\">[vc_row remove_bottom_col_margin=\u00bbtrue\u00bb el_class=\u00bbcontenido-cocktail wpb-animate-in-sequence\u00bb][vc_column width=\u00bb5\/12&#8243; offset=\u00bbvc_col-lg-4&#8243; el_class=\u00bbespaciado\u00bb]<style>.vcex-heading.vcex_69ef7f4de4187{color:var(--wpex-palette-342-color);text-transform:uppercase;}<\/style><h1 class=\"vcex-heading vcex-heading-plain vcex-module wpex-heading wpex-text-2xl wpb_animate_when_almost_visible wpb_bottom-to-top bottom-to-top tagline vcex_69ef7f4de4187\"><span class=\"vcex-heading-inner wpex-inline-block\">M\u00c1S ALL\u00c1 DE LA BOTELLA<\/span><\/h1><style>.vcex-heading.vcex_69ef7f4de510c{text-transform:uppercase;}<\/style><h2 class=\"vcex-heading vcex-heading-plain vcex-module wpex-h1 wpb_animate_when_almost_visible wpb_bottom-to-top bottom-to-top textos-lado vcex_69ef7f4de510c\"><span class=\"vcex-heading-inner wpex-inline-block\">Cada paso con prop\u00f3sito, cada sorbo inigualable<\/span><\/h2>[vc_column_text css_animation=\u00bbbottom-to-top\u00bb css=\u00bb\u00bb el_class=\u00bbtextos-lado\u00bb]Nuestro proceso exclusivo, perfeccionado a lo largo de generaciones, comienza con la cuidadosa selecci\u00f3n de tierras donde la humedad, los nutrientes y la luz solar convergen en armon\u00eda para nutrir nuestro agave.<\/p>\n<p>Guiados por un ritmo intencional y pr\u00e1cticas innovadoras, elaboramos IB\u00c1 con un cuidado excepcional, capturando el alma de Oaxaca en cada botella. Este enfoque consciente, junto con nuestro proceso de destilaci\u00f3n propio, representa una artesan\u00eda sin igual, dando como resultado un mezcal reconocido por su calidad incomparable y profundidad de sabor.<\/p>\n<p>Enriquecido por la sabidur\u00eda ancestral y elevado por la creatividad contempor\u00e1nea, IB\u00c1 es un mezcal verdaderamente \u00fanico.[\/vc_column_text]<div class=\"vcex-spacing wpex-w-100 wpex-clear visible-phone\" style=\"height:2em;\"><\/div>[\/vc_column][vc_column width=\u00bb7\/12&#8243; offset=\u00bbvc_col-lg-offset-1&#8243;]<style>.vcex-image-carousel.vcex_69ef7f4de5b06 .entry-details{background-color:var(--wpex-accent-alt);}<\/style><div class=\"vcex-image-carousel wpex-carousel wpex-carousel-images wpex-clr vcex-module arrwstyle-slim arrwpos-right wpb_animate_when_almost_visible wpb_fadeIn fadeIn bottle-slider vcex_69ef7f4de5b06\" data-wpex-carousel=\"{&quot;dots&quot;:&quot;true&quot;,&quot;slideBy&quot;:1,&quot;items&quot;:1,&quot;responsive&quot;:{&quot;0&quot;:{&quot;items&quot;:&quot;1&quot;},&quot;480&quot;:{&quot;items&quot;:1},&quot;768&quot;:{&quot;items&quot;:1},&quot;960&quot;:{&quot;items&quot;:1}}}\"><div class=\"wpex-carousel-slide\"><figure class=\"wpex-carousel-entry-media entry-media wpex-relative\"><img width=\"1391\" height=\"884\" src=\"https:\/\/mezcaliba.com\/wp-content\/uploads\/2025\/05\/image_15.jpg\" class=\"wpex-align-middle skip-lazy\" alt=\"IB\u00c1 Mezcal\" data-no-lazy=\"1\" srcset=\"https:\/\/mezcaliba.com\/wp-content\/uploads\/2025\/05\/image_15.jpg 1391w, https:\/\/mezcaliba.com\/wp-content\/uploads\/2025\/05\/image_15-300x191.jpg 300w, https:\/\/mezcaliba.com\/wp-content\/uploads\/2025\/05\/image_15-1024x651.jpg 1024w, https:\/\/mezcaliba.com\/wp-content\/uploads\/2025\/05\/image_15-768x488.jpg 768w\" sizes=\"(max-width: 1391px) 100vw, 1391px\" \/><\/figure><\/div><div class=\"wpex-carousel-slide\"><figure class=\"wpex-carousel-entry-media entry-media wpex-relative\"><img width=\"1192\" height=\"792\" src=\"https:\/\/mezcaliba.com\/wp-content\/uploads\/2025\/05\/image_16.jpg\" class=\"wpex-align-middle skip-lazy\" alt=\"IB\u00c1 Mezcal\" data-no-lazy=\"1\" srcset=\"https:\/\/mezcaliba.com\/wp-content\/uploads\/2025\/05\/image_16.jpg 1192w, https:\/\/mezcaliba.com\/wp-content\/uploads\/2025\/05\/image_16-300x199.jpg 300w, https:\/\/mezcaliba.com\/wp-content\/uploads\/2025\/05\/image_16-1024x680.jpg 1024w, https:\/\/mezcaliba.com\/wp-content\/uploads\/2025\/05\/image_16-768x510.jpg 768w\" sizes=\"(max-width: 1192px) 100vw, 1192px\" \/><\/figure><\/div><div class=\"wpex-carousel-slide\"><figure class=\"wpex-carousel-entry-media entry-media wpex-relative\"><img width=\"1196\" height=\"790\" src=\"https:\/\/mezcaliba.com\/wp-content\/uploads\/2025\/05\/image_17.jpg\" class=\"wpex-align-middle skip-lazy\" alt=\"IB\u00c1 Mezcal\" data-no-lazy=\"1\" srcset=\"https:\/\/mezcaliba.com\/wp-content\/uploads\/2025\/05\/image_17.jpg 1196w, https:\/\/mezcaliba.com\/wp-content\/uploads\/2025\/05\/image_17-300x198.jpg 300w, https:\/\/mezcaliba.com\/wp-content\/uploads\/2025\/05\/image_17-1024x676.jpg 1024w, https:\/\/mezcaliba.com\/wp-content\/uploads\/2025\/05\/image_17-768x507.jpg 768w\" sizes=\"(max-width: 1196px) 100vw, 1196px\" \/><\/figure><\/div><div class=\"wpex-carousel-slide\"><figure class=\"wpex-carousel-entry-media entry-media wpex-relative\"><img width=\"1920\" height=\"1280\" src=\"https:\/\/mezcaliba.com\/wp-content\/uploads\/2025\/05\/image_18.jpg\" class=\"wpex-align-middle skip-lazy\" alt=\"IB\u00c1 Mezcal\" data-no-lazy=\"1\" srcset=\"https:\/\/mezcaliba.com\/wp-content\/uploads\/2025\/05\/image_18.jpg 1920w, https:\/\/mezcaliba.com\/wp-content\/uploads\/2025\/05\/image_18-300x200.jpg 300w, https:\/\/mezcaliba.com\/wp-content\/uploads\/2025\/05\/image_18-1024x683.jpg 1024w, https:\/\/mezcaliba.com\/wp-content\/uploads\/2025\/05\/image_18-768x512.jpg 768w, https:\/\/mezcaliba.com\/wp-content\/uploads\/2025\/05\/image_18-1536x1024.jpg 1536w\" sizes=\"(max-width: 1920px) 100vw, 1920px\" \/><\/figure><\/div><div class=\"wpex-carousel-slide\"><figure class=\"wpex-carousel-entry-media entry-media wpex-relative\"><img width=\"1920\" height=\"1080\" src=\"https:\/\/mezcaliba.com\/wp-content\/uploads\/2025\/05\/image_19.jpg\" class=\"wpex-align-middle skip-lazy\" alt=\"IB\u00c1 Mezcal\" data-no-lazy=\"1\" srcset=\"https:\/\/mezcaliba.com\/wp-content\/uploads\/2025\/05\/image_19.jpg 1920w, https:\/\/mezcaliba.com\/wp-content\/uploads\/2025\/05\/image_19-300x169.jpg 300w, https:\/\/mezcaliba.com\/wp-content\/uploads\/2025\/05\/image_19-1024x576.jpg 1024w, https:\/\/mezcaliba.com\/wp-content\/uploads\/2025\/05\/image_19-768x432.jpg 768w, https:\/\/mezcaliba.com\/wp-content\/uploads\/2025\/05\/image_19-1536x864.jpg 1536w\" sizes=\"(max-width: 1920px) 100vw, 1920px\" \/><\/figure><\/div><\/div>[\/vc_column][\/vc_row]\n<\/div>","protected":false},"excerpt":{"rendered":"<p>[vc_row remove_bottom_col_margin=\u00bbtrue\u00bb el_class=\u00bbcontenido-cocktail wpb-animate-in-sequence\u00bb][vc_column width=\u00bb5\/12&#8243; offset=\u00bbvc_col-lg-4&#8243; el_class=\u00bbespaciado\u00bb][vc_column_text css_animation=\u00bbbottom-to-top\u00bb css=\u00bb\u00bb el_class=\u00bbtextos-lado\u00bb]Nuestro proceso exclusivo, perfeccionado a lo largo de generaciones, comienza con la cuidadosa selecci\u00f3n de tierras donde la humedad, los nutrientes y la luz solar convergen en armon\u00eda para nutrir nuestro agave. Guiados por un ritmo intencional y pr\u00e1cticas innovadoras, elaboramos IB\u00c1 con un cuidado excepcional,&hellip;<\/p>\n","protected":false},"author":2,"featured_media":0,"parent":0,"menu_order":0,"comment_status":"closed","ping_status":"closed","template":"","meta":{"_acf_changed":false,"_lmt_disableupdate":"","_lmt_disable":"","footnotes":""},"class_list":["post-1017","page","type-page","status-publish","hentry","entry","no-media"],"acf":[],"yoast_head":"<!-- This site is optimized with the Yoast SEO plugin v27.4 - https:\/\/yoast.com\/product\/yoast-seo-wordpress\/ -->\n<title>M\u00c1S ALL\u00c1 DE LA BOTELLA - Mezcal IB\u00c1<\/title>\n<meta name=\"robots\" content=\"index, follow, max-snippet:-1, max-image-preview:large, max-video-preview:-1\" \/>\n<link rel=\"canonical\" href=\"https:\/\/mezcaliba.com\/es\/mas-alla-de-la-botella\/\" \/>\n<meta property=\"og:locale\" content=\"es_ES\" \/>\n<meta property=\"og:type\" content=\"article\" \/>\n<meta property=\"og:title\" content=\"M\u00c1S ALL\u00c1 DE LA BOTELLA - Mezcal IB\u00c1\" \/>\n<meta property=\"og:description\" content=\"[vc_row remove_bottom_col_margin=\u00bbtrue\u00bb el_class=\u00bbcontenido-cocktail wpb-animate-in-sequence\u00bb][vc_column width=\u00bb5\/12&#8243; offset=\u00bbvc_col-lg-4&#8243; el_class=\u00bbespaciado\u00bb][vc_column_text css_animation=\u00bbbottom-to-top\u00bb css=\u00bb\u00bb el_class=\u00bbtextos-lado\u00bb]Nuestro proceso exclusivo, perfeccionado a lo largo de generaciones, comienza con la cuidadosa selecci\u00f3n de tierras donde la humedad, los nutrientes y la luz solar convergen en armon\u00eda para nutrir nuestro agave. Guiados por un ritmo intencional y pr\u00e1cticas innovadoras, elaboramos IB\u00c1 con un cuidado excepcional,&hellip;\" \/>\n<meta property=\"og:url\" content=\"https:\/\/mezcaliba.com\/es\/mas-alla-de-la-botella\/\" \/>\n<meta property=\"og:site_name\" content=\"Mezcal IB\u00c1\" \/>\n<meta property=\"article:modified_time\" content=\"2025-07-17T18:31:57+00:00\" \/>\n<meta name=\"twitter:card\" content=\"summary_large_image\" \/>\n<meta name=\"twitter:label1\" content=\"Tiempo de lectura\" \/>\n\t<meta name=\"twitter:data1\" content=\"1 minuto\" \/>\n<script type=\"application\/ld+json\" class=\"yoast-schema-graph\">{\"@context\":\"https:\\\/\\\/schema.org\",\"@graph\":[{\"@type\":\"WebPage\",\"@id\":\"https:\\\/\\\/mezcaliba.com\\\/es\\\/mas-alla-de-la-botella\\\/\",\"url\":\"https:\\\/\\\/mezcaliba.com\\\/es\\\/mas-alla-de-la-botella\\\/\",\"name\":\"M\u00c1S ALL\u00c1 DE LA BOTELLA - Mezcal IB\u00c1\",\"isPartOf\":{\"@id\":\"https:\\\/\\\/mezcaliba.com\\\/es\\\/#website\"},\"datePublished\":\"2025-05-09T02:11:02+00:00\",\"dateModified\":\"2025-07-17T18:31:57+00:00\",\"breadcrumb\":{\"@id\":\"https:\\\/\\\/mezcaliba.com\\\/es\\\/mas-alla-de-la-botella\\\/#breadcrumb\"},\"inLanguage\":\"es\",\"potentialAction\":[{\"@type\":\"ReadAction\",\"target\":[\"https:\\\/\\\/mezcaliba.com\\\/es\\\/mas-alla-de-la-botella\\\/\"]}]},{\"@type\":\"BreadcrumbList\",\"@id\":\"https:\\\/\\\/mezcaliba.com\\\/es\\\/mas-alla-de-la-botella\\\/#breadcrumb\",\"itemListElement\":[{\"@type\":\"ListItem\",\"position\":1,\"name\":\"Home\",\"item\":\"https:\\\/\\\/mezcaliba.com\\\/es\\\/\"},{\"@type\":\"ListItem\",\"position\":2,\"name\":\"M\u00c1S ALL\u00c1 DE LA BOTELLA\"}]},{\"@type\":\"WebSite\",\"@id\":\"https:\\\/\\\/mezcaliba.com\\\/es\\\/#website\",\"url\":\"https:\\\/\\\/mezcaliba.com\\\/es\\\/\",\"name\":\"Mezcal iB\u00c1\",\"description\":\"IB\u00c1 Mezcal - Celebrating Life&#039;s Journey\",\"publisher\":{\"@id\":\"https:\\\/\\\/mezcaliba.com\\\/es\\\/#organization\"},\"potentialAction\":[{\"@type\":\"SearchAction\",\"target\":{\"@type\":\"EntryPoint\",\"urlTemplate\":\"https:\\\/\\\/mezcaliba.com\\\/es\\\/?s={search_term_string}\"},\"query-input\":{\"@type\":\"PropertyValueSpecification\",\"valueRequired\":true,\"valueName\":\"search_term_string\"}}],\"inLanguage\":\"es\"},{\"@type\":\"Organization\",\"@id\":\"https:\\\/\\\/mezcaliba.com\\\/es\\\/#organization\",\"name\":\"Mezcal iB\u00c1\",\"url\":\"https:\\\/\\\/mezcaliba.com\\\/es\\\/\",\"logo\":{\"@type\":\"ImageObject\",\"inLanguage\":\"es\",\"@id\":\"https:\\\/\\\/mezcaliba.com\\\/es\\\/#\\\/schema\\\/logo\\\/image\\\/\",\"url\":\"https:\\\/\\\/mezcaliba.com\\\/wp-content\\\/uploads\\\/2025\\\/05\\\/LOGO-negro.png\",\"contentUrl\":\"https:\\\/\\\/mezcaliba.com\\\/wp-content\\\/uploads\\\/2025\\\/05\\\/LOGO-negro.png\",\"width\":70,\"height\":50,\"caption\":\"Mezcal iB\u00c1\"},\"image\":{\"@id\":\"https:\\\/\\\/mezcaliba.com\\\/es\\\/#\\\/schema\\\/logo\\\/image\\\/\"}}]}<\/script>\n<!-- \/ Yoast SEO plugin. -->","yoast_head_json":{"title":"M\u00c1S ALL\u00c1 DE LA BOTELLA - Mezcal IB\u00c1","robots":{"index":"index","follow":"follow","max-snippet":"max-snippet:-1","max-image-preview":"max-image-preview:large","max-video-preview":"max-video-preview:-1"},"canonical":"https:\/\/mezcaliba.com\/es\/mas-alla-de-la-botella\/","og_locale":"es_ES","og_type":"article","og_title":"M\u00c1S ALL\u00c1 DE LA BOTELLA - Mezcal IB\u00c1","og_description":"[vc_row remove_bottom_col_margin=\u00bbtrue\u00bb el_class=\u00bbcontenido-cocktail wpb-animate-in-sequence\u00bb][vc_column width=\u00bb5\/12&#8243; offset=\u00bbvc_col-lg-4&#8243; el_class=\u00bbespaciado\u00bb][vc_column_text css_animation=\u00bbbottom-to-top\u00bb css=\u00bb\u00bb el_class=\u00bbtextos-lado\u00bb]Nuestro proceso exclusivo, perfeccionado a lo largo de generaciones, comienza con la cuidadosa selecci\u00f3n de tierras donde la humedad, los nutrientes y la luz solar convergen en armon\u00eda para nutrir nuestro agave. Guiados por un ritmo intencional y pr\u00e1cticas innovadoras, elaboramos IB\u00c1 con un cuidado excepcional,&hellip;","og_url":"https:\/\/mezcaliba.com\/es\/mas-alla-de-la-botella\/","og_site_name":"Mezcal IB\u00c1","article_modified_time":"2025-07-17T18:31:57+00:00","twitter_card":"summary_large_image","twitter_misc":{"Tiempo de lectura":"1 minuto"},"schema":{"@context":"https:\/\/schema.org","@graph":[{"@type":"WebPage","@id":"https:\/\/mezcaliba.com\/es\/mas-alla-de-la-botella\/","url":"https:\/\/mezcaliba.com\/es\/mas-alla-de-la-botella\/","name":"M\u00c1S ALL\u00c1 DE LA BOTELLA - Mezcal IB\u00c1","isPartOf":{"@id":"https:\/\/mezcaliba.com\/es\/#website"},"datePublished":"2025-05-09T02:11:02+00:00","dateModified":"2025-07-17T18:31:57+00:00","breadcrumb":{"@id":"https:\/\/mezcaliba.com\/es\/mas-alla-de-la-botella\/#breadcrumb"},"inLanguage":"es","potentialAction":[{"@type":"ReadAction","target":["https:\/\/mezcaliba.com\/es\/mas-alla-de-la-botella\/"]}]},{"@type":"BreadcrumbList","@id":"https:\/\/mezcaliba.com\/es\/mas-alla-de-la-botella\/#breadcrumb","itemListElement":[{"@type":"ListItem","position":1,"name":"Home","item":"https:\/\/mezcaliba.com\/es\/"},{"@type":"ListItem","position":2,"name":"M\u00c1S ALL\u00c1 DE LA BOTELLA"}]},{"@type":"WebSite","@id":"https:\/\/mezcaliba.com\/es\/#website","url":"https:\/\/mezcaliba.com\/es\/","name":"Mezcal iB\u00c1","description":"IB\u00c1 Mezcal - Celebrating Life&#039;s Journey","publisher":{"@id":"https:\/\/mezcaliba.com\/es\/#organization"},"potentialAction":[{"@type":"SearchAction","target":{"@type":"EntryPoint","urlTemplate":"https:\/\/mezcaliba.com\/es\/?s={search_term_string}"},"query-input":{"@type":"PropertyValueSpecification","valueRequired":true,"valueName":"search_term_string"}}],"inLanguage":"es"},{"@type":"Organization","@id":"https:\/\/mezcaliba.com\/es\/#organization","name":"Mezcal iB\u00c1","url":"https:\/\/mezcaliba.com\/es\/","logo":{"@type":"ImageObject","inLanguage":"es","@id":"https:\/\/mezcaliba.com\/es\/#\/schema\/logo\/image\/","url":"https:\/\/mezcaliba.com\/wp-content\/uploads\/2025\/05\/LOGO-negro.png","contentUrl":"https:\/\/mezcaliba.com\/wp-content\/uploads\/2025\/05\/LOGO-negro.png","width":70,"height":50,"caption":"Mezcal iB\u00c1"},"image":{"@id":"https:\/\/mezcaliba.com\/es\/#\/schema\/logo\/image\/"}}]}},"_links":{"self":[{"href":"https:\/\/mezcaliba.com\/es\/wp-json\/wp\/v2\/pages\/1017","targetHints":{"allow":["GET"]}}],"collection":[{"href":"https:\/\/mezcaliba.com\/es\/wp-json\/wp\/v2\/pages"}],"about":[{"href":"https:\/\/mezcaliba.com\/es\/wp-json\/wp\/v2\/types\/page"}],"author":[{"embeddable":true,"href":"https:\/\/mezcaliba.com\/es\/wp-json\/wp\/v2\/users\/2"}],"replies":[{"embeddable":true,"href":"https:\/\/mezcaliba.com\/es\/wp-json\/wp\/v2\/comments?post=1017"}],"version-history":[{"count":3,"href":"https:\/\/mezcaliba.com\/es\/wp-json\/wp\/v2\/pages\/1017\/revisions"}],"predecessor-version":[{"id":1394,"href":"https:\/\/mezcaliba.com\/es\/wp-json\/wp\/v2\/pages\/1017\/revisions\/1394"}],"wp:attachment":[{"href":"https:\/\/mezcaliba.com\/es\/wp-json\/wp\/v2\/media?parent=1017"}],"curies":[{"name":"wp","href":"https:\/\/api.w.org\/{rel}","templated":true}]}}