{"id":1092,"date":"2025-05-08T19:12:18","date_gmt":"2025-05-09T02:12:18","guid":{"rendered":"https:\/\/mezcaliba.com\/novedades-y-experiencias\/"},"modified":"2025-07-31T14:24:22","modified_gmt":"2025-07-31T21:24:22","slug":"novedades-y-experiencias","status":"publish","type":"page","link":"https:\/\/mezcaliba.com\/es\/novedades-y-experiencias\/","title":{"rendered":"EL PULSO"},"content":{"rendered":"<div class=\"wpb-content-wrapper\">[vc_section el_class=\u00bbwpb-animate-in-sequence\u00bb][vc_row remove_bottom_col_margin=\u00bbtrue\u00bb el_class=\u00bbespaciado\u00bb][vc_column]<style>.vcex-heading.vcex_69ef7f4d536ee{color:var(--wpex-palette-342-color);text-transform:uppercase;}<\/style><h1 class=\"vcex-heading vcex-heading-plain vcex-module wpex-heading wpex-text-2xl wpb_animate_when_almost_visible wpb_bottom-to-top bottom-to-top tagline vcex_69ef7f4d536ee\"><span class=\"vcex-heading-inner wpex-inline-block\">EL PULSO<\/span><\/h1>[\/vc_column][\/vc_row][vc_row remove_bottom_col_margin=\u00bbtrue\u00bb][vc_column width=\u00bb7\/12&#8243;]<style>.vcex-heading.vcex_69ef7f4d55410{text-transform:uppercase;}<\/style><h2 class=\"vcex-heading vcex-heading-plain vcex-module wpex-h1 wpb_animate_when_almost_visible wpb_bottom-to-top bottom-to-top vcex_69ef7f4d55410\"><span class=\"vcex-heading-inner wpex-inline-block\">Qu\u00e9 sucede en<br \/>\nla esfera IB\u00c1<\/span><\/h2>[\/vc_column][vc_column width=\u00bb5\/12&#8243;][vc_column_text align=\u00bbleft\u00bb css=\u00bb\u00bb width=\u00bb450px\u00bb]No todo vive dentro de la botella. Desde menciones especiales y hallazgos culturales hasta historias profundas y obsesiones compartidas\u2014este es el lugar donde el mundo se encuentra con IB\u00c1, despleg\u00e1ndose para quienes recorren la vida con curiosidad y buen gusto.<\/p>\n<p>\u00a1Comparte tus mejores momentos con IB\u00c1 Mezcal!<br \/>\n<strong>@mezcaliba #IBAmoments #IBAcelebrations<\/strong>[\/vc_column_text][\/vc_column][\/vc_row][vc_row css_animation=\u00bbfadeIn\u00bb el_class=\u00bbespaciado\u00bb][vc_column]<div class=\"wpex-post-cards wpex-post-cards-template_589 collection-home-grid wpb-animate-in-sequence wpex-relative\"><div class=\"wpex-post-cards-inner\"><div class=\"wpex-post-cards-loop wpex-post-cards-grid wpex-row wpex-clr gap-15\"><div class=\"wpex-post-cards-entry col col-1 span_1_of_4 post-1678 type-post cat-22 post_tag-109 post_tag-112 post_tag-108 post_tag-113 post_tag-107 post_tag-111 post_tag-110 translation_priority-24\"><div class=\"wpex-card wpex-card-template_589 wpb_animate_when_almost_visible wpb_bottom-to-top bottom-to-top\"><style>.vc_custom_1747093515314{background-position: center !important;background-repeat: no-repeat !important;background-size: cover !important;}<\/style><a href=\"https:\/\/mezcaliba.com\/es\/por-que-importa-pedirlo-por-su-nombre\/\" aria-label=\"Por qu\u00e9 importa pedirlo por su nombre\" class=\"wpex-card-inner wpex-no-underline wpex-inherit-color\"><div class=\"vc_row wpb_row vc_row-fluid vc_custom_1747093515314 vc_row-o-equal-height vc_row-flex wpex-relative wpex-vc_row-gap-0 wpex-vc_row-has-fill wpex-vc_row-col-mb-0 wpex-vc_row-mx-0\" style=\"background-position:center center!important;\"><div class=\"wpb_column vc_column_container vc_col-sm-12\"><div class=\"vc_column-inner\"><div class=\"wpb_wrapper\"><figure class=\"vcex-image vcex-module vcex-fill-column image-grid-related\"><div class=\"vcex-image-inner wpex-relative wpex-inline-block\"><span href=\"https:\/\/mezcaliba.com\/es\/por-que-importa-pedirlo-por-su-nombre\/\"><img width=\"1500\" height=\"1001\" src=\"https:\/\/mezcaliba.com\/wp-content\/uploads\/2025\/07\/Blog-post-Order-by-Name-Jul-24-2025_V3.jpg\" class=\"vcex-image-img wpex-align-middle\" alt=\"IB\u00c1 Mezcal\" loading=\"lazy\" decoding=\"async\" srcset=\"https:\/\/mezcaliba.com\/wp-content\/uploads\/2025\/07\/Blog-post-Order-by-Name-Jul-24-2025_V3.jpg 1500w, https:\/\/mezcaliba.com\/wp-content\/uploads\/2025\/07\/Blog-post-Order-by-Name-Jul-24-2025_V3-300x200.jpg 300w, https:\/\/mezcaliba.com\/wp-content\/uploads\/2025\/07\/Blog-post-Order-by-Name-Jul-24-2025_V3-1024x683.jpg 1024w, https:\/\/mezcaliba.com\/wp-content\/uploads\/2025\/07\/Blog-post-Order-by-Name-Jul-24-2025_V3-768x513.jpg 768w\" sizes=\"auto, (max-width: 1500px) 100vw, 1500px\" \/><\/span><\/div><\/figure><div class=\"vc_row wpb_row vc_inner vc_row-fluid related-content wpex-relative wpex-vc_row-col-mb-0\"><div class=\"wpb_column vc_column_container vc_col-sm-12\"><div class=\"vc_column-inner\"><div class=\"wpb_wrapper\"><style>.vcex-heading.vcex_69ef7f4d5b5aa{color:var(--wpex-palette-342-color);font-size:0.625em;font-weight:400;text-transform:uppercase;}<\/style><span class=\"vcex-heading vcex-heading-plain vcex-module wpex-heading wpex-text-2xl wpex-mt-0 wpex-mb-0 vcex_69ef7f4d5b5aa\"><span class=\"vcex-heading-inner wpex-inline-block\">agosto 11, 2025<\/span><\/span><div class=\"vcex-spacing wpex-w-100 wpex-clear\" style=\"height:.5em;\"><\/div><style>.vcex-heading.vcex_69ef7f4d5bf20{font-size:1.25em;text-transform:uppercase;margin-block-start:0px;margin-block-end:0px;}<\/style><h3 class=\"vcex-heading vcex-heading-plain vcex-module wpex-h3 vcex_69ef7f4d5bf20\"><span class=\"vcex-heading-inner wpex-inline-block\">Por qu\u00e9 importa pedirlo por su nombre<\/span><\/h3><div class=\"vcex-spacing wpex-w-100 wpex-clear\" style=\"height:1em;\"><\/div><style>.vcex-button.vcex_69ef7f4d5ce27{font-size:0.625em;}<\/style><span href=\"https:\/\/mezcaliba.com\/es\/por-que-importa-pedirlo-por-su-nombre\/\" class=\"vcex-button theme-button outline black inline wpex-mt-auto vcex_69ef7f4d5ce27\"><span class=\"vcex-button-inner theme-button-inner wpex-flex wpex-flex-wrap wpex-items-center wpex-justify-center\">LEER M\u00c1S<\/span><\/span> <\/div><\/div><\/div><\/div><span href=\"https:\/\/mezcaliba.com\/es\/novedades-y-experiencias\/\" class=\"vcex-button theme-button inline bt-going-more\"><span class=\"vcex-button-inner theme-button-inner wpex-flex wpex-flex-wrap wpex-items-center wpex-justify-center\">DA EL PASO <br>AL MUNDO <br>DE IB\u00c1 \u2192<\/span><\/span> <\/div><\/div><\/div><\/div><\/a><\/div><\/div><div class=\"wpex-post-cards-entry col col-2 span_1_of_4 post-1676 type-post cat-22 post_tag-103 post_tag-102 post_tag-104 post_tag-105 post_tag-106 translation_priority-24\"><div class=\"wpex-card wpex-card-template_589 wpb_animate_when_almost_visible wpb_bottom-to-top bottom-to-top\"><a href=\"https:\/\/mezcaliba.com\/es\/fuimos-a-nueva-york-regresamos-con-un-premio\/\" aria-label=\"Fuimos a Nueva York. Regresamos con un premio.\" class=\"wpex-card-inner wpex-no-underline wpex-inherit-color\"><div class=\"vc_row wpb_row vc_row-fluid vc_custom_1747093515314 vc_row-o-equal-height vc_row-flex wpex-relative wpex-vc_row-gap-0 wpex-vc_row-has-fill wpex-vc_row-col-mb-0 wpex-vc_row-mx-0\" style=\"background-position:center center!important;\"><div class=\"wpb_column vc_column_container vc_col-sm-12\"><div class=\"vc_column-inner\"><div class=\"wpb_wrapper\"><figure class=\"vcex-image vcex-module vcex-fill-column image-grid-related\"><div class=\"vcex-image-inner wpex-relative wpex-inline-block\"><span href=\"https:\/\/mezcaliba.com\/es\/fuimos-a-nueva-york-regresamos-con-un-premio\/\"><img width=\"2560\" height=\"1707\" src=\"https:\/\/mezcaliba.com\/wp-content\/uploads\/2025\/07\/IBA-Todas-juntas_feathered_edges_large.png\" class=\"vcex-image-img wpex-align-middle\" alt=\"IB\u00c1 Mezcal\" loading=\"lazy\" decoding=\"async\" srcset=\"https:\/\/mezcaliba.com\/wp-content\/uploads\/2025\/07\/IBA-Todas-juntas_feathered_edges_large.png 2560w, https:\/\/mezcaliba.com\/wp-content\/uploads\/2025\/07\/IBA-Todas-juntas_feathered_edges_large-300x200.png 300w, https:\/\/mezcaliba.com\/wp-content\/uploads\/2025\/07\/IBA-Todas-juntas_feathered_edges_large-1024x683.png 1024w, https:\/\/mezcaliba.com\/wp-content\/uploads\/2025\/07\/IBA-Todas-juntas_feathered_edges_large-768x512.png 768w, https:\/\/mezcaliba.com\/wp-content\/uploads\/2025\/07\/IBA-Todas-juntas_feathered_edges_large-1536x1024.png 1536w, https:\/\/mezcaliba.com\/wp-content\/uploads\/2025\/07\/IBA-Todas-juntas_feathered_edges_large-2048x1366.png 2048w\" sizes=\"auto, (max-width: 2560px) 100vw, 2560px\" \/><\/span><\/div><\/figure><div class=\"vc_row wpb_row vc_inner vc_row-fluid related-content wpex-relative wpex-vc_row-col-mb-0\"><div class=\"wpb_column vc_column_container vc_col-sm-12\"><div class=\"vc_column-inner\"><div class=\"wpb_wrapper\"><style>.vcex-heading.vcex_69ef7f4d618c4{color:var(--wpex-palette-342-color);font-size:0.625em;font-weight:400;text-transform:uppercase;}<\/style><span class=\"vcex-heading vcex-heading-plain vcex-module wpex-heading wpex-text-2xl wpex-mt-0 wpex-mb-0 vcex_69ef7f4d618c4\"><span class=\"vcex-heading-inner wpex-inline-block\">agosto 5, 2025<\/span><\/span><div class=\"vcex-spacing wpex-w-100 wpex-clear\" style=\"height:.5em;\"><\/div><style>.vcex-heading.vcex_69ef7f4d621d3{font-size:1.25em;text-transform:uppercase;margin-block-start:0px;margin-block-end:0px;}<\/style><h3 class=\"vcex-heading vcex-heading-plain vcex-module wpex-h3 vcex_69ef7f4d621d3\"><span class=\"vcex-heading-inner wpex-inline-block\">Fuimos a Nueva York. Regresamos con un premio.<\/span><\/h3><div class=\"vcex-spacing wpex-w-100 wpex-clear\" style=\"height:1em;\"><\/div><style>.vcex-button.vcex_69ef7f4d62c1e{font-size:0.625em;}<\/style><span href=\"https:\/\/mezcaliba.com\/es\/fuimos-a-nueva-york-regresamos-con-un-premio\/\" class=\"vcex-button theme-button outline black inline wpex-mt-auto vcex_69ef7f4d62c1e\"><span class=\"vcex-button-inner theme-button-inner wpex-flex wpex-flex-wrap wpex-items-center wpex-justify-center\">LEER M\u00c1S<\/span><\/span> <\/div><\/div><\/div><\/div><span href=\"https:\/\/mezcaliba.com\/es\/novedades-y-experiencias\/\" class=\"vcex-button theme-button inline bt-going-more\"><span class=\"vcex-button-inner theme-button-inner wpex-flex wpex-flex-wrap wpex-items-center wpex-justify-center\">DA EL PASO <br>AL MUNDO <br>DE IB\u00c1 \u2192<\/span><\/span> <\/div><\/div><\/div><\/div><\/a><\/div><\/div><div class=\"wpex-post-cards-entry col col-3 span_1_of_4 post-1680 type-post cat-22 post_tag-114 post_tag-117 post_tag-115 post_tag-104 post_tag-118 post_tag-116 post_tag-119 translation_priority-24\"><div class=\"wpex-card wpex-card-template_589 wpb_animate_when_almost_visible wpb_bottom-to-top bottom-to-top\"><a href=\"https:\/\/mezcaliba.com\/es\/iba-el-cielo-es-el-punto-de-partida-no-el-limite\/\" aria-label=\"IB\u00c1. El cielo es el punto de partida, no el l\u00edmite.\" class=\"wpex-card-inner wpex-no-underline wpex-inherit-color\"><div class=\"vc_row wpb_row vc_row-fluid vc_custom_1747093515314 vc_row-o-equal-height vc_row-flex wpex-relative wpex-vc_row-gap-0 wpex-vc_row-has-fill wpex-vc_row-col-mb-0 wpex-vc_row-mx-0\" style=\"background-position:center center!important;\"><div class=\"wpb_column vc_column_container vc_col-sm-12\"><div class=\"vc_column-inner\"><div class=\"wpb_wrapper\"><figure class=\"vcex-image vcex-module vcex-fill-column image-grid-related\"><div class=\"vcex-image-inner wpex-relative wpex-inline-block\"><span href=\"https:\/\/mezcaliba.com\/es\/iba-el-cielo-es-el-punto-de-partida-no-el-limite\/\"><img width=\"1023\" height=\"1023\" src=\"https:\/\/mezcaliba.com\/wp-content\/uploads\/2025\/07\/IBA-Story-image-Gonzalez-Family.jpg\" class=\"vcex-image-img wpex-align-middle\" alt=\"mezcal brand story of IB\u00c1 under the Oaxacan sky\" loading=\"lazy\" decoding=\"async\" srcset=\"https:\/\/mezcaliba.com\/wp-content\/uploads\/2025\/07\/IBA-Story-image-Gonzalez-Family.jpg 1023w, https:\/\/mezcaliba.com\/wp-content\/uploads\/2025\/07\/IBA-Story-image-Gonzalez-Family-300x300.jpg 300w, https:\/\/mezcaliba.com\/wp-content\/uploads\/2025\/07\/IBA-Story-image-Gonzalez-Family-150x150.jpg 150w, https:\/\/mezcaliba.com\/wp-content\/uploads\/2025\/07\/IBA-Story-image-Gonzalez-Family-768x768.jpg 768w\" sizes=\"auto, (max-width: 1023px) 100vw, 1023px\" \/><\/span><\/div><\/figure><div class=\"vc_row wpb_row vc_inner vc_row-fluid related-content wpex-relative wpex-vc_row-col-mb-0\"><div class=\"wpb_column vc_column_container vc_col-sm-12\"><div class=\"vc_column-inner\"><div class=\"wpb_wrapper\"><style>.vcex-heading.vcex_69ef7f4d66888{color:var(--wpex-palette-342-color);font-size:0.625em;font-weight:400;text-transform:uppercase;}<\/style><span class=\"vcex-heading vcex-heading-plain vcex-module wpex-heading wpex-text-2xl wpex-mt-0 wpex-mb-0 vcex_69ef7f4d66888\"><span class=\"vcex-heading-inner wpex-inline-block\">agosto 1, 2025<\/span><\/span><div class=\"vcex-spacing wpex-w-100 wpex-clear\" style=\"height:.5em;\"><\/div><style>.vcex-heading.vcex_69ef7f4d67431{font-size:1.25em;text-transform:uppercase;margin-block-start:0px;margin-block-end:0px;}<\/style><h3 class=\"vcex-heading vcex-heading-plain vcex-module wpex-h3 vcex_69ef7f4d67431\"><span class=\"vcex-heading-inner wpex-inline-block\">IB\u00c1. El cielo es el punto de partida, no el l\u00edmite.<\/span><\/h3><div class=\"vcex-spacing wpex-w-100 wpex-clear\" style=\"height:1em;\"><\/div><style>.vcex-button.vcex_69ef7f4d67f14{font-size:0.625em;}<\/style><span href=\"https:\/\/mezcaliba.com\/es\/iba-el-cielo-es-el-punto-de-partida-no-el-limite\/\" class=\"vcex-button theme-button outline black inline wpex-mt-auto vcex_69ef7f4d67f14\"><span class=\"vcex-button-inner theme-button-inner wpex-flex wpex-flex-wrap wpex-items-center wpex-justify-center\">LEER M\u00c1S<\/span><\/span> <\/div><\/div><\/div><\/div><span href=\"https:\/\/mezcaliba.com\/es\/novedades-y-experiencias\/\" class=\"vcex-button theme-button inline bt-going-more\"><span class=\"vcex-button-inner theme-button-inner wpex-flex wpex-flex-wrap wpex-items-center wpex-justify-center\">DA EL PASO <br>AL MUNDO <br>DE IB\u00c1 \u2192<\/span><\/span> <\/div><\/div><\/div><\/div><\/a><\/div><\/div><\/div><\/div><\/div>[\/vc_column][\/vc_row][\/vc_section]\n<\/div>","protected":false},"excerpt":{"rendered":"Cada botella tiene una historia, pero la historia de IB\u00c1 Mezcal comenz\u00f3 en los cielos de Oaxaca.Se trata de posibilidad, celebraci\u00f3n y esp\u00edritu. Algunas marcas nacen en salas de juntas.La nuestra naci\u00f3 bajo el cielo oaxaque\u00f1o. El cielo, con sus colores flotando a trav\u00e9s de un prisma arco\u00edris, fue nuestro laboratorio de ideas. Dijimos:\u201cEsto es.&hellip;","protected":false},"author":2,"featured_media":0,"parent":0,"menu_order":0,"comment_status":"closed","ping_status":"closed","template":"","meta":{"_acf_changed":false,"_lmt_disableupdate":"","_lmt_disable":"","footnotes":""},"class_list":["post-1092","page","type-page","status-publish","hentry","entry","has-media"],"acf":[],"yoast_head":"<!-- This site is optimized with the Yoast SEO plugin v27.4 - https:\/\/yoast.com\/product\/yoast-seo-wordpress\/ -->\n<title>IB\u00c1 Mezcal Updates | Blog, Noticias &amp; Social Highlights<\/title>\n<meta name=\"description\" content=\"Desde gotas de mezcal hasta eventos, momentos sociales e historias de Oaxaca: explora todas las \u00faltimas actualizaciones de IB\u00c1 Mezcal en un solo lugar.\" \/>\n<meta name=\"robots\" content=\"index, follow, max-snippet:-1, max-image-preview:large, max-video-preview:-1\" \/>\n<link rel=\"canonical\" href=\"https:\/\/mezcaliba.com\/es\/novedades-y-experiencias\/\" \/>\n<meta property=\"og:locale\" content=\"es_ES\" \/>\n<meta property=\"og:type\" content=\"article\" \/>\n<meta property=\"og:title\" content=\"IB\u00c1 Mezcal Updates | Blog, Noticias &amp; Social Highlights\" \/>\n<meta property=\"og:description\" content=\"Desde gotas de mezcal hasta eventos, momentos sociales e historias de Oaxaca: explora todas las \u00faltimas actualizaciones de IB\u00c1 Mezcal en un solo lugar.\" \/>\n<meta property=\"og:url\" content=\"https:\/\/mezcaliba.com\/es\/novedades-y-experiencias\/\" \/>\n<meta property=\"og:site_name\" content=\"Mezcal IB\u00c1\" \/>\n<meta property=\"article:modified_time\" content=\"2025-07-31T21:24:22+00:00\" \/>\n<meta name=\"twitter:card\" content=\"summary_large_image\" \/>\n<meta name=\"twitter:label1\" content=\"Tiempo de lectura\" \/>\n\t<meta name=\"twitter:data1\" content=\"1 minuto\" \/>\n<script type=\"application\/ld+json\" class=\"yoast-schema-graph\">{\"@context\":\"https:\\\/\\\/schema.org\",\"@graph\":[{\"@type\":\"WebPage\",\"@id\":\"https:\\\/\\\/mezcaliba.com\\\/es\\\/novedades-y-experiencias\\\/\",\"url\":\"https:\\\/\\\/mezcaliba.com\\\/es\\\/novedades-y-experiencias\\\/\",\"name\":\"IB\u00c1 Mezcal Updates | Blog, Noticias & Social Highlights\",\"isPartOf\":{\"@id\":\"https:\\\/\\\/mezcaliba.com\\\/es\\\/#website\"},\"datePublished\":\"2025-05-09T02:12:18+00:00\",\"dateModified\":\"2025-07-31T21:24:22+00:00\",\"description\":\"Desde gotas de mezcal hasta eventos, momentos sociales e historias de Oaxaca: explora todas las \u00faltimas actualizaciones de IB\u00c1 Mezcal en un solo lugar.\",\"breadcrumb\":{\"@id\":\"https:\\\/\\\/mezcaliba.com\\\/es\\\/novedades-y-experiencias\\\/#breadcrumb\"},\"inLanguage\":\"es\",\"potentialAction\":[{\"@type\":\"ReadAction\",\"target\":[\"https:\\\/\\\/mezcaliba.com\\\/es\\\/novedades-y-experiencias\\\/\"]}]},{\"@type\":\"BreadcrumbList\",\"@id\":\"https:\\\/\\\/mezcaliba.com\\\/es\\\/novedades-y-experiencias\\\/#breadcrumb\",\"itemListElement\":[{\"@type\":\"ListItem\",\"position\":1,\"name\":\"Home\",\"item\":\"https:\\\/\\\/mezcaliba.com\\\/es\\\/\"},{\"@type\":\"ListItem\",\"position\":2,\"name\":\"EL PULSO\"}]},{\"@type\":\"WebSite\",\"@id\":\"https:\\\/\\\/mezcaliba.com\\\/es\\\/#website\",\"url\":\"https:\\\/\\\/mezcaliba.com\\\/es\\\/\",\"name\":\"Mezcal iB\u00c1\",\"description\":\"IB\u00c1 Mezcal - Celebrating Life&#039;s Journey\",\"publisher\":{\"@id\":\"https:\\\/\\\/mezcaliba.com\\\/es\\\/#organization\"},\"potentialAction\":[{\"@type\":\"SearchAction\",\"target\":{\"@type\":\"EntryPoint\",\"urlTemplate\":\"https:\\\/\\\/mezcaliba.com\\\/es\\\/?s={search_term_string}\"},\"query-input\":{\"@type\":\"PropertyValueSpecification\",\"valueRequired\":true,\"valueName\":\"search_term_string\"}}],\"inLanguage\":\"es\"},{\"@type\":\"Organization\",\"@id\":\"https:\\\/\\\/mezcaliba.com\\\/es\\\/#organization\",\"name\":\"Mezcal iB\u00c1\",\"url\":\"https:\\\/\\\/mezcaliba.com\\\/es\\\/\",\"logo\":{\"@type\":\"ImageObject\",\"inLanguage\":\"es\",\"@id\":\"https:\\\/\\\/mezcaliba.com\\\/es\\\/#\\\/schema\\\/logo\\\/image\\\/\",\"url\":\"https:\\\/\\\/mezcaliba.com\\\/wp-content\\\/uploads\\\/2025\\\/05\\\/LOGO-negro.png\",\"contentUrl\":\"https:\\\/\\\/mezcaliba.com\\\/wp-content\\\/uploads\\\/2025\\\/05\\\/LOGO-negro.png\",\"width\":70,\"height\":50,\"caption\":\"Mezcal iB\u00c1\"},\"image\":{\"@id\":\"https:\\\/\\\/mezcaliba.com\\\/es\\\/#\\\/schema\\\/logo\\\/image\\\/\"}}]}<\/script>\n<!-- \/ Yoast SEO plugin. -->","yoast_head_json":{"title":"IB\u00c1 Mezcal Updates | Blog, Noticias & Social Highlights","description":"Desde gotas de mezcal hasta eventos, momentos sociales e historias de Oaxaca: explora todas las \u00faltimas actualizaciones de IB\u00c1 Mezcal en un solo lugar.","robots":{"index":"index","follow":"follow","max-snippet":"max-snippet:-1","max-image-preview":"max-image-preview:large","max-video-preview":"max-video-preview:-1"},"canonical":"https:\/\/mezcaliba.com\/es\/novedades-y-experiencias\/","og_locale":"es_ES","og_type":"article","og_title":"IB\u00c1 Mezcal Updates | Blog, Noticias & Social Highlights","og_description":"Desde gotas de mezcal hasta eventos, momentos sociales e historias de Oaxaca: explora todas las \u00faltimas actualizaciones de IB\u00c1 Mezcal en un solo lugar.","og_url":"https:\/\/mezcaliba.com\/es\/novedades-y-experiencias\/","og_site_name":"Mezcal IB\u00c1","article_modified_time":"2025-07-31T21:24:22+00:00","twitter_card":"summary_large_image","twitter_misc":{"Tiempo de lectura":"1 minuto"},"schema":{"@context":"https:\/\/schema.org","@graph":[{"@type":"WebPage","@id":"https:\/\/mezcaliba.com\/es\/novedades-y-experiencias\/","url":"https:\/\/mezcaliba.com\/es\/novedades-y-experiencias\/","name":"IB\u00c1 Mezcal Updates | Blog, Noticias & Social Highlights","isPartOf":{"@id":"https:\/\/mezcaliba.com\/es\/#website"},"datePublished":"2025-05-09T02:12:18+00:00","dateModified":"2025-07-31T21:24:22+00:00","description":"Desde gotas de mezcal hasta eventos, momentos sociales e historias de Oaxaca: explora todas las \u00faltimas actualizaciones de IB\u00c1 Mezcal en un solo lugar.","breadcrumb":{"@id":"https:\/\/mezcaliba.com\/es\/novedades-y-experiencias\/#breadcrumb"},"inLanguage":"es","potentialAction":[{"@type":"ReadAction","target":["https:\/\/mezcaliba.com\/es\/novedades-y-experiencias\/"]}]},{"@type":"BreadcrumbList","@id":"https:\/\/mezcaliba.com\/es\/novedades-y-experiencias\/#breadcrumb","itemListElement":[{"@type":"ListItem","position":1,"name":"Home","item":"https:\/\/mezcaliba.com\/es\/"},{"@type":"ListItem","position":2,"name":"EL PULSO"}]},{"@type":"WebSite","@id":"https:\/\/mezcaliba.com\/es\/#website","url":"https:\/\/mezcaliba.com\/es\/","name":"Mezcal iB\u00c1","description":"IB\u00c1 Mezcal - Celebrating Life&#039;s Journey","publisher":{"@id":"https:\/\/mezcaliba.com\/es\/#organization"},"potentialAction":[{"@type":"SearchAction","target":{"@type":"EntryPoint","urlTemplate":"https:\/\/mezcaliba.com\/es\/?s={search_term_string}"},"query-input":{"@type":"PropertyValueSpecification","valueRequired":true,"valueName":"search_term_string"}}],"inLanguage":"es"},{"@type":"Organization","@id":"https:\/\/mezcaliba.com\/es\/#organization","name":"Mezcal iB\u00c1","url":"https:\/\/mezcaliba.com\/es\/","logo":{"@type":"ImageObject","inLanguage":"es","@id":"https:\/\/mezcaliba.com\/es\/#\/schema\/logo\/image\/","url":"https:\/\/mezcaliba.com\/wp-content\/uploads\/2025\/05\/LOGO-negro.png","contentUrl":"https:\/\/mezcaliba.com\/wp-content\/uploads\/2025\/05\/LOGO-negro.png","width":70,"height":50,"caption":"Mezcal iB\u00c1"},"image":{"@id":"https:\/\/mezcaliba.com\/es\/#\/schema\/logo\/image\/"}}]}},"_links":{"self":[{"href":"https:\/\/mezcaliba.com\/es\/wp-json\/wp\/v2\/pages\/1092","targetHints":{"allow":["GET"]}}],"collection":[{"href":"https:\/\/mezcaliba.com\/es\/wp-json\/wp\/v2\/pages"}],"about":[{"href":"https:\/\/mezcaliba.com\/es\/wp-json\/wp\/v2\/types\/page"}],"author":[{"embeddable":true,"href":"https:\/\/mezcaliba.com\/es\/wp-json\/wp\/v2\/users\/2"}],"replies":[{"embeddable":true,"href":"https:\/\/mezcaliba.com\/es\/wp-json\/wp\/v2\/comments?post=1092"}],"version-history":[{"count":7,"href":"https:\/\/mezcaliba.com\/es\/wp-json\/wp\/v2\/pages\/1092\/revisions"}],"predecessor-version":[{"id":1738,"href":"https:\/\/mezcaliba.com\/es\/wp-json\/wp\/v2\/pages\/1092\/revisions\/1738"}],"wp:attachment":[{"href":"https:\/\/mezcaliba.com\/es\/wp-json\/wp\/v2\/media?parent=1092"}],"curies":[{"name":"wp","href":"https:\/\/api.w.org\/{rel}","templated":true}]}}